{"id":5727,"date":"2026-03-20T11:04:26","date_gmt":"2026-03-20T11:04:26","guid":{"rendered":"https:\/\/auriscollection.belo.digital\/produto\/pinhal-da-torre-antagonista\/"},"modified":"2026-04-22T15:46:58","modified_gmt":"2026-04-22T15:46:58","slug":"pinhal-da-torre-antagonista","status":"publish","type":"product","link":"https:\/\/auriscollection.com\/pt-pt\/produto\/pinhal-da-torre-antagonista\/","title":{"rendered":"Pinhal da Torre Antagonista"},"content":{"rendered":"<p>Pinhal da Torre Antagonista 2013 \u00e9 um vinho portugu\u00eas da regi\u00e3o vitivin\u00edcola do Tejo, produzido pela Pinhal da Torre. Este vinho expressa o car\u00e1cter e a autenticidade do terroir portugu\u00eas, aliando equil\u00edbrio, estrutura e eleg\u00e2ncia. Elaborado a partir das castas Grenache e Syrah, reflete de forma distinta o terroir do Tejo. Representa a identidade e a tradi\u00e7\u00e3o dos vinhos portugueses, apresentando simultaneamente um perfil refinado e contempor\u00e2neo.<\/p>\n","protected":false},"excerpt":{"rendered":"<p>Pinhal da Torre Antagonista 2013 \u00e9 um vinho portugu\u00eas da regi\u00e3o vitivin\u00edcola do Tejo, produzido pela Pinhal da Torre. Este vinho expressa o car\u00e1cter e a autenticidade do terroir portugu\u00eas, [&hellip;]<\/p>\n","protected":false},"featured_media":6099,"comment_status":"open","ping_status":"closed","template":"","meta":[],"product_brand":[],"product_cat":[147],"product_tag":[],"region":[135,134],"class_list":{"0":"post-5727","1":"product","2":"type-product","3":"status-publish","4":"has-post-thumbnail","6":"product_cat-tinto","7":"pa_grapes-grenache","8":"pa_grapes-syrah","9":"pa_oenologist-mario-andrade","10":"pa_wine-year-353","11":"pa_winery-pinhal-da-torre","12":"region-doc-tejo","13":"region-regiao-tejo","15":"first","16":"instock","17":"shipping-taxable","18":"purchasable","19":"product-type-simple"},"yoast_head":"<!-- This site is optimized with the Yoast SEO plugin v27.5 - https:\/\/yoast.com\/product\/yoast-seo-wordpress\/ -->\n<title>Pinhal da Torre Antagonista - Auris Collection<\/title>\n<meta name=\"robots\" content=\"index, follow, max-snippet:-1, max-image-preview:large, max-video-preview:-1\" \/>\n<link rel=\"canonical\" href=\"https:\/\/auriscollection.com\/produto\/pinhal-da-torre-antagonista\/\" \/>\n<meta property=\"og:locale\" content=\"pt_PT\" \/>\n<meta property=\"og:type\" content=\"article\" \/>\n<meta property=\"og:title\" content=\"Pinhal da Torre Antagonista - Auris Collection\" \/>\n<meta property=\"og:description\" content=\"Pinhal da Torre Antagonista 2013 \u00e9 um vinho portugu\u00eas da regi\u00e3o vitivin\u00edcola do Tejo, produzido pela Pinhal da Torre. Este vinho expressa o car\u00e1cter e a autenticidade do terroir portugu\u00eas, [&hellip;]\" \/>\n<meta property=\"og:url\" content=\"https:\/\/auriscollection.com\/produto\/pinhal-da-torre-antagonista\/\" \/>\n<meta property=\"og:site_name\" content=\"Auris Collection\" \/>\n<meta property=\"article:publisher\" content=\"https:\/\/www.facebook.com\/AurisWines\/\" \/>\n<meta property=\"article:modified_time\" content=\"2026-04-22T15:46:58+00:00\" \/>\n<meta property=\"og:image\" content=\"https:\/\/auriscollection.com\/wp-content\/uploads\/2026\/03\/Pinhal-da-Torre-Antagonista-2013.webp\" \/>\n\t<meta property=\"og:image:width\" content=\"800\" \/>\n\t<meta property=\"og:image:height\" content=\"600\" \/>\n\t<meta property=\"og:image:type\" content=\"image\/webp\" \/>\n<meta name=\"twitter:card\" content=\"summary_large_image\" \/>\n<script type=\"application\/ld+json\" class=\"yoast-schema-graph\">{\"@context\":\"https:\\\/\\\/schema.org\",\"@graph\":[{\"@type\":\"WebPage\",\"@id\":\"https:\\\/\\\/auriscollection.com\\\/produto\\\/pinhal-da-torre-antagonista\\\/\",\"url\":\"https:\\\/\\\/auriscollection.com\\\/produto\\\/pinhal-da-torre-antagonista\\\/\",\"name\":\"Pinhal da Torre Antagonista - Auris Collection\",\"isPartOf\":{\"@id\":\"https:\\\/\\\/auriscollection.com\\\/#website\"},\"primaryImageOfPage\":{\"@id\":\"https:\\\/\\\/auriscollection.com\\\/produto\\\/pinhal-da-torre-antagonista\\\/#primaryimage\"},\"image\":{\"@id\":\"https:\\\/\\\/auriscollection.com\\\/produto\\\/pinhal-da-torre-antagonista\\\/#primaryimage\"},\"thumbnailUrl\":\"https:\\\/\\\/auriscollection.com\\\/wp-content\\\/uploads\\\/2026\\\/03\\\/Pinhal-da-Torre-Antagonista-2013_.webp\",\"datePublished\":\"2026-03-20T11:04:26+00:00\",\"dateModified\":\"2026-04-22T15:46:58+00:00\",\"breadcrumb\":{\"@id\":\"https:\\\/\\\/auriscollection.com\\\/produto\\\/pinhal-da-torre-antagonista\\\/#breadcrumb\"},\"inLanguage\":\"pt-PT\",\"potentialAction\":[{\"@type\":\"ReadAction\",\"target\":[\"https:\\\/\\\/auriscollection.com\\\/produto\\\/pinhal-da-torre-antagonista\\\/\"]}]},{\"@type\":\"ImageObject\",\"inLanguage\":\"pt-PT\",\"@id\":\"https:\\\/\\\/auriscollection.com\\\/produto\\\/pinhal-da-torre-antagonista\\\/#primaryimage\",\"url\":\"https:\\\/\\\/auriscollection.com\\\/wp-content\\\/uploads\\\/2026\\\/03\\\/Pinhal-da-Torre-Antagonista-2013_.webp\",\"contentUrl\":\"https:\\\/\\\/auriscollection.com\\\/wp-content\\\/uploads\\\/2026\\\/03\\\/Pinhal-da-Torre-Antagonista-2013_.webp\",\"width\":350,\"height\":1000},{\"@type\":\"BreadcrumbList\",\"@id\":\"https:\\\/\\\/auriscollection.com\\\/produto\\\/pinhal-da-torre-antagonista\\\/#breadcrumb\",\"itemListElement\":[{\"@type\":\"ListItem\",\"position\":1,\"name\":\"In\u00edcio\",\"item\":\"https:\\\/\\\/auriscollection.com\\\/pt-pt\\\/\"},{\"@type\":\"ListItem\",\"position\":2,\"name\":\"Loja de Vinho\",\"item\":\"https:\\\/\\\/auriscollection.com\\\/loja-de-vinho\\\/\"},{\"@type\":\"ListItem\",\"position\":3,\"name\":\"Pinhal da Torre Antagonista\"}]},{\"@type\":\"WebSite\",\"@id\":\"https:\\\/\\\/auriscollection.com\\\/#website\",\"url\":\"https:\\\/\\\/auriscollection.com\\\/\",\"name\":\"Auris Collection\",\"description\":\"\",\"publisher\":{\"@id\":\"https:\\\/\\\/auriscollection.com\\\/#organization\"},\"potentialAction\":[{\"@type\":\"SearchAction\",\"target\":{\"@type\":\"EntryPoint\",\"urlTemplate\":\"https:\\\/\\\/auriscollection.com\\\/?s={search_term_string}\"},\"query-input\":{\"@type\":\"PropertyValueSpecification\",\"valueRequired\":true,\"valueName\":\"search_term_string\"}}],\"inLanguage\":\"pt-PT\"},{\"@type\":\"Organization\",\"@id\":\"https:\\\/\\\/auriscollection.com\\\/#organization\",\"name\":\"Auris Collection\",\"url\":\"https:\\\/\\\/auriscollection.com\\\/\",\"logo\":{\"@type\":\"ImageObject\",\"inLanguage\":\"pt-PT\",\"@id\":\"https:\\\/\\\/auriscollection.com\\\/#\\\/schema\\\/logo\\\/image\\\/\",\"url\":\"https:\\\/\\\/auriscollection.com\\\/wp-content\\\/uploads\\\/2026\\\/02\\\/logo_auris.webp\",\"contentUrl\":\"https:\\\/\\\/auriscollection.com\\\/wp-content\\\/uploads\\\/2026\\\/02\\\/logo_auris.webp\",\"width\":500,\"height\":746,\"caption\":\"Auris Collection\"},\"image\":{\"@id\":\"https:\\\/\\\/auriscollection.com\\\/#\\\/schema\\\/logo\\\/image\\\/\"},\"sameAs\":[\"https:\\\/\\\/www.facebook.com\\\/AurisWines\\\/\",\"https:\\\/\\\/www.instagram.com\\\/auriswines\\\/\"]}]}<\/script>\n<!-- \/ Yoast SEO plugin. -->","yoast_head_json":{"title":"Pinhal da Torre Antagonista - Auris Collection","robots":{"index":"index","follow":"follow","max-snippet":"max-snippet:-1","max-image-preview":"max-image-preview:large","max-video-preview":"max-video-preview:-1"},"canonical":"https:\/\/auriscollection.com\/produto\/pinhal-da-torre-antagonista\/","og_locale":"pt_PT","og_type":"article","og_title":"Pinhal da Torre Antagonista - Auris Collection","og_description":"Pinhal da Torre Antagonista 2013 \u00e9 um vinho portugu\u00eas da regi\u00e3o vitivin\u00edcola do Tejo, produzido pela Pinhal da Torre. Este vinho expressa o car\u00e1cter e a autenticidade do terroir portugu\u00eas, [&hellip;]","og_url":"https:\/\/auriscollection.com\/produto\/pinhal-da-torre-antagonista\/","og_site_name":"Auris Collection","article_publisher":"https:\/\/www.facebook.com\/AurisWines\/","article_modified_time":"2026-04-22T15:46:58+00:00","og_image":[{"width":800,"height":600,"url":"https:\/\/auriscollection.com\/wp-content\/uploads\/2026\/03\/Pinhal-da-Torre-Antagonista-2013.webp","type":"image\/webp"}],"twitter_card":"summary_large_image","schema":{"@context":"https:\/\/schema.org","@graph":[{"@type":"WebPage","@id":"https:\/\/auriscollection.com\/produto\/pinhal-da-torre-antagonista\/","url":"https:\/\/auriscollection.com\/produto\/pinhal-da-torre-antagonista\/","name":"Pinhal da Torre Antagonista - Auris Collection","isPartOf":{"@id":"https:\/\/auriscollection.com\/#website"},"primaryImageOfPage":{"@id":"https:\/\/auriscollection.com\/produto\/pinhal-da-torre-antagonista\/#primaryimage"},"image":{"@id":"https:\/\/auriscollection.com\/produto\/pinhal-da-torre-antagonista\/#primaryimage"},"thumbnailUrl":"https:\/\/auriscollection.com\/wp-content\/uploads\/2026\/03\/Pinhal-da-Torre-Antagonista-2013_.webp","datePublished":"2026-03-20T11:04:26+00:00","dateModified":"2026-04-22T15:46:58+00:00","breadcrumb":{"@id":"https:\/\/auriscollection.com\/produto\/pinhal-da-torre-antagonista\/#breadcrumb"},"inLanguage":"pt-PT","potentialAction":[{"@type":"ReadAction","target":["https:\/\/auriscollection.com\/produto\/pinhal-da-torre-antagonista\/"]}]},{"@type":"ImageObject","inLanguage":"pt-PT","@id":"https:\/\/auriscollection.com\/produto\/pinhal-da-torre-antagonista\/#primaryimage","url":"https:\/\/auriscollection.com\/wp-content\/uploads\/2026\/03\/Pinhal-da-Torre-Antagonista-2013_.webp","contentUrl":"https:\/\/auriscollection.com\/wp-content\/uploads\/2026\/03\/Pinhal-da-Torre-Antagonista-2013_.webp","width":350,"height":1000},{"@type":"BreadcrumbList","@id":"https:\/\/auriscollection.com\/produto\/pinhal-da-torre-antagonista\/#breadcrumb","itemListElement":[{"@type":"ListItem","position":1,"name":"In\u00edcio","item":"https:\/\/auriscollection.com\/pt-pt\/"},{"@type":"ListItem","position":2,"name":"Loja de Vinho","item":"https:\/\/auriscollection.com\/loja-de-vinho\/"},{"@type":"ListItem","position":3,"name":"Pinhal da Torre Antagonista"}]},{"@type":"WebSite","@id":"https:\/\/auriscollection.com\/#website","url":"https:\/\/auriscollection.com\/","name":"Auris Collection","description":"","publisher":{"@id":"https:\/\/auriscollection.com\/#organization"},"potentialAction":[{"@type":"SearchAction","target":{"@type":"EntryPoint","urlTemplate":"https:\/\/auriscollection.com\/?s={search_term_string}"},"query-input":{"@type":"PropertyValueSpecification","valueRequired":true,"valueName":"search_term_string"}}],"inLanguage":"pt-PT"},{"@type":"Organization","@id":"https:\/\/auriscollection.com\/#organization","name":"Auris Collection","url":"https:\/\/auriscollection.com\/","logo":{"@type":"ImageObject","inLanguage":"pt-PT","@id":"https:\/\/auriscollection.com\/#\/schema\/logo\/image\/","url":"https:\/\/auriscollection.com\/wp-content\/uploads\/2026\/02\/logo_auris.webp","contentUrl":"https:\/\/auriscollection.com\/wp-content\/uploads\/2026\/02\/logo_auris.webp","width":500,"height":746,"caption":"Auris Collection"},"image":{"@id":"https:\/\/auriscollection.com\/#\/schema\/logo\/image\/"},"sameAs":["https:\/\/www.facebook.com\/AurisWines\/","https:\/\/www.instagram.com\/auriswines\/"]}]}},"_links":{"self":[{"href":"https:\/\/auriscollection.com\/pt-pt\/wp-json\/wp\/v2\/product\/5727","targetHints":{"allow":["GET"]}}],"collection":[{"href":"https:\/\/auriscollection.com\/pt-pt\/wp-json\/wp\/v2\/product"}],"about":[{"href":"https:\/\/auriscollection.com\/pt-pt\/wp-json\/wp\/v2\/types\/product"}],"replies":[{"embeddable":true,"href":"https:\/\/auriscollection.com\/pt-pt\/wp-json\/wp\/v2\/comments?post=5727"}],"wp:featuredmedia":[{"embeddable":true,"href":"https:\/\/auriscollection.com\/pt-pt\/wp-json\/wp\/v2\/media\/6099"}],"wp:attachment":[{"href":"https:\/\/auriscollection.com\/pt-pt\/wp-json\/wp\/v2\/media?parent=5727"}],"wp:term":[{"taxonomy":"product_brand","embeddable":true,"href":"https:\/\/auriscollection.com\/pt-pt\/wp-json\/wp\/v2\/product_brand?post=5727"},{"taxonomy":"product_cat","embeddable":true,"href":"https:\/\/auriscollection.com\/pt-pt\/wp-json\/wp\/v2\/product_cat?post=5727"},{"taxonomy":"product_tag","embeddable":true,"href":"https:\/\/auriscollection.com\/pt-pt\/wp-json\/wp\/v2\/product_tag?post=5727"},{"taxonomy":"region","embeddable":true,"href":"https:\/\/auriscollection.com\/pt-pt\/wp-json\/wp\/v2\/region?post=5727"}],"curies":[{"name":"wp","href":"https:\/\/api.w.org\/{rel}","templated":true}]}}